{"id":538,"date":"2021-12-18T07:42:15","date_gmt":"2021-12-18T07:42:15","guid":{"rendered":"https:\/\/weisswert.de\/?page_id=538"},"modified":"2024-10-09T22:32:52","modified_gmt":"2024-10-09T20:32:52","slug":"media-coverage","status":"publish","type":"page","link":"https:\/\/weisswert.de\/en\/pr-and-media\/media-coverage\/","title":{"rendered":"Media Coverage"},"content":{"rendered":"<div class=\"wpb-content-wrapper\"><p>[vc_row row_height_percent=&#8221;0&#8243; back_color=&#8221;color-lxmt&#8221; overlay_alpha=&#8221;50&#8243; equal_height=&#8221;yes&#8221; gutter_size=&#8221;3&#8243; column_width_percent=&#8221;100&#8243; shift_y=&#8221;0&#8243; z_index=&#8221;0&#8243; bottom_divider=&#8221;pyramids&#8221; inverted_device_order=&#8221;yes&#8221; uncode_shortcode_id=&#8221;439167&#8243; back_color_type=&#8221;uncode-palette&#8221;][vc_column column_width_percent=&#8221;100&#8243; position_horizontal=&#8221;left&#8221; position_vertical=&#8221;middle&#8221; gutter_size=&#8221;3&#8243; overlay_alpha=&#8221;50&#8243; shift_x=&#8221;0&#8243; shift_y=&#8221;0&#8243; shift_y_down=&#8221;0&#8243; z_index=&#8221;0&#8243; medium_width=&#8221;0&#8243; mobile_width=&#8221;0&#8243; width=&#8221;1\/2&#8243; uncode_shortcode_id=&#8221;100898&#8243;][vc_custom_heading text_size=&#8221;&#8221; text_weight=&#8221;300&#8243; text_height=&#8221;fontheight-108743&#8243; uncode_shortcode_id=&#8221;113797&#8243;]As a law firm specializing in banking and capital markets law as well as complex litigation, we work intensively, successfully and trustfully with journalists and media representatives. Here you will find a selection of interviews and articles with WEISSWERT attorney Maximilian Weiss.[\/vc_custom_heading][\/vc_column][vc_column column_width_percent=&#8221;100&#8243; position_vertical=&#8221;middle&#8221; align_horizontal=&#8221;align_center&#8221; gutter_size=&#8221;3&#8243; back_image=&#8221;104849&#8243; overlay_alpha=&#8221;50&#8243; shift_x=&#8221;0&#8243; shift_y=&#8221;0&#8243; shift_y_down=&#8221;0&#8243; z_index=&#8221;10&#8243; medium_width=&#8221;0&#8243; mobile_width=&#8221;0&#8243; width=&#8221;1\/2&#8243; uncode_shortcode_id=&#8221;862315&#8243; mobile_height=&#8221;340&#8243; el_class=&#8221;w-pic-1&#8243;][\/vc_column][\/vc_row][vc_row][vc_column column_width_percent=&#8221;100&#8243; gutter_size=&#8221;3&#8243; overlay_alpha=&#8221;50&#8243; shift_x=&#8221;0&#8243; shift_y=&#8221;0&#8243; shift_y_down=&#8221;0&#8243; z_index=&#8221;0&#8243; medium_width=&#8221;0&#8243; mobile_width=&#8221;0&#8243; width=&#8221;1\/1&#8243; uncode_shortcode_id=&#8221;622793&#8243;][vc_gallery el_id=&#8221;gallery-208743&#8243; type=&#8221;carousel&#8221; medias=&#8221;105035,105030,105032,105031,105034,105037,105036,105039,108046&#8243; carousel_lg=&#8221;3&#8243; carousel_md=&#8221;3&#8243; carousel_sm=&#8221;1&#8243; gutter_size=&#8221;3&#8243; carousel_interval=&#8221;3000&#8243; carousel_navspeed=&#8221;400&#8243; carousel_loop=&#8221;yes&#8221; carousel_nav=&#8221;yes&#8221; carousel_nav_mobile=&#8221;yes&#8221; stage_padding=&#8221;0&#8243; single_overlay_opacity=&#8221;50&#8243; single_padding=&#8221;2&#8243; uncode_shortcode_id=&#8221;323502&#8243;][vc_row_inner][vc_column_inner column_width_percent=&#8221;100&#8243; gutter_size=&#8221;3&#8243; override_padding=&#8221;yes&#8221; column_padding=&#8221;2&#8243; back_color=&#8221;color-gyho&#8221; overlay_alpha=&#8221;50&#8243; shift_x=&#8221;0&#8243; shift_y=&#8221;0&#8243; shift_y_down=&#8221;0&#8243; z_index=&#8221;0&#8243; medium_width=&#8221;0&#8243; mobile_width=&#8221;0&#8243; width=&#8221;1\/1&#8243; uncode_shortcode_id=&#8221;200492&#8243; back_color_type=&#8221;uncode-palette&#8221;][vc_custom_heading text_size=&#8221;&#8221; text_transform=&#8221;uppercase&#8221; sub_reduced=&#8221;yes&#8221; text_uppercase=&#8221;&#8221; uncode_shortcode_id=&#8221;181723&#8243;]Media Coverage[\/vc_custom_heading][uncode_list larger=&#8221;yes&#8221; icon=&#8221;fa fa-circle&#8221; icon_color=&#8221;color-682453&#8243; uncode_shortcode_id=&#8221;686430&#8243; icon_color_type=&#8221;uncode-palette&#8221;]<\/p>\n<ul>\n<li>Guter Rat, Issue 11\/2024, p. 24: \u201eRussische Anlagen &#8211; Was man jetzt wissen muss, wenn man sein Geld in russische Firmen investiert hat\u201c<\/li>\n<li>Der Aktion\u00e4r, 6 September 2024: &#8220;Varta: Der Akku der Hoffnung blinkt rot&#8221;<\/li>\n<li>Deutscher Bundestag &#8211; Wissenschaftliche Dienste, 31 January 2024: &#8220;Aktuelle Entwicklungen bei der Umwandlung von American Depository Receipts russischer Unternehmen&#8221;<\/li>\n<li>Frankfurter Allgemeine Zeitung, 26 June 2023: &#8220;Russland: Hinterlegte Aktien sind verschwunden&#8221;<\/li>\n<li>Debtwire (UK), 18 July 2022: &#8220;Adler crossholder group swells to include distressed investors as company faces potential litigation from shareholder damages&#8221;<\/li>\n<li>Finance Magazin, 10 June 2022, &#8220;Adler-Ticker: Wie erfolgversprechend ist die erste Anlegerklage?&#8221;<\/li>\n<li>Handelsblatt, 9 June 2022, &#8220;Erste Aktion\u00e4rsklage gegen Adler&#8221;<\/li>\n<li>Finance Magazin, 25 May 2022, &#8220;Adler-Ticker: R\u00fcckt Adler ins Visier der Staatsanwaltschaft?&#8221;<\/li>\n<li>B\u00f6rse Online, 6 May 2022, &#8220;Anw\u00e4lte pr\u00fcfen rechtliche Schritte gegen Adler Group &#8211; Antrag auf Musterverfahren&#8221;<\/li>\n<li>Finance Magazin, 6 May 2022: &#8220;Adler: Kanzlei reicht Klage ein und nimmt KPMG ins Visier&#8221;<\/li>\n<li>Handelsblatt, 3 May 2022: &#8220;Mehr Eingriffe und mehr \u00d6ffentlichkeit: Der neue Kurs der Bafin&#8221;<\/li>\n<li>Het Financieele Dagblad (Netherlands), 2 December 2020: &#8220;Tienduizenden Wirecard-beleggers willen claim tegen toezichthouder&#8221;<\/li>\n<li>De Jurist (Netherlands), 23 November 2020: &#8220;Duitse toezichthouder wacht &#8216;vloedgolf&#8217; aan claims om Wirecard-schandaal&#8221;<\/li>\n<li>ARD PlusMinus, TV broadcast, 11 November 2020: &#8220;Wirecard: Klagewelle nach Bilanzskandal&#8221;<\/li>\n<li>Sonntagszeitung (Switzerland), 16 August 2020: &#8220;Wirecard: Spuren f\u00fchren ins Mafia-Milieu&#8221;<\/li>\n<li>Die Rheinpfalz, 7 August 2020: &#8220;Wirecard-Skandal: Wie Anleger vielleicht noch Geld retten k\u00f6nnen&#8221;<\/li>\n<li>Stuttgarter Zeitung, 6 August 2020: &#8220;Haften Wirecard-Pr\u00fcfer f\u00fcr den Schaden?&#8221;<\/li>\n<li>ARD Tagesthemen, TV broadcast, 29 July 2020: &#8220;Wirecard: Das Versagen der Berater&#8221;<\/li>\n<li>SWR Aktuell, TV broadcast, 29 July 2020: &#8220;Wirecard: Das Versagen der Berater&#8221;<\/li>\n<li>ARD Mittagsmagazin, TV broadcast, 29 July 2020: &#8220;Schwerpunkt Wirecard-Skandal&#8221;<\/li>\n<li>Cash (Switzerland), 25 July 2020: &#8220;Bilanzf\u00e4lschung: Schweizer Anleger beteiligen sich an Sammelklage gegen Wirecard&#8221;<\/li>\n<li>Manager Magazin, 24 July 2020: &#8220;Anwaltskanzleien verklagen Finanzaufsicht &#8211; Das fatale Schweigen der Bafin&#8221;<\/li>\n<li>Law360 (UK), 24 July 2020: \u201eWirecard Investors Sue Regulator For Missed Financial Issues&#8221;<\/li>\n<li>Handelszeitung (Switzerland), 24 July 2020: &#8220;Schweizer Anleger klagen gegen Wirecard&#8221;<\/li>\n<li>S\u00fcddeutsche Zeitung vom 24 July 2020:\u202f&#8221;Milliardenklage gegen die BaFin&#8221;<\/li>\n<li>SWR Aktuell, TV broadcast, 7 July 2020: &#8220;Wirecard-Skandal: Vertrauen, weil es eine deutsche Firma war&#8221;<\/li>\n<li>B\u00f6rse Online, 1 July 2020: &#8220;Wir werden Zeuge eines der gr\u00f6\u00dften Wirtschaftsprozesse aller Zeiten&#8221;<\/li>\n<li>Finanzwelt, 30 June 2020: &#8220;Wende im Wirecard-Skandal&#8221;<\/li>\n<li>Frankfurter Rundschau, 26 June 2020: &#8220;Wirtschaftspr\u00fcfer im Fokus&#8221;<\/li>\n<li>Redaktionsnetzwerk Deutschland, 26 June 2020: &#8220;Wirecard-Skandal: Warum EY ins Visier der Anw\u00e4lte ger\u00e4t&#8221;<\/li>\n<li>Accountingweb (UK), 24 June 2020: &#8220;EY facing calls to explain Wirecard failings as tech firm CEO arrested&#8221;<\/li>\n<li>ZDF Heute Journal, TV broadcast, 24 June 2020: &#8220;Wirecard und die BaFin \u2013 Warum hat die Bankenaufsicht versagt?&#8221;<\/li>\n<li>CNBC, Squawk Box Europe, TV broadcast, 24 June 2020, &#8220;We need better incentives for whistleblowers in Germany, attorney says&#8221;<\/li>\n<li>Der Spiegel, 23 June 2020: &#8220;Die 1,9-Milliarden-Euro-Frage&#8221;<\/li>\n<li>Manager Magazin, 22 June 2020: &#8220;Absturz der Wirecard-Aktie: \u201eF\u00fcr Anleger besteht ein Anspruch auf Schadensersatz\u201c<\/li>\n<li>Redaktionsnetzwerk Deutschland, 19 June 2020: \u201eWirecard: Worum geht es in dem Milliardenskandal?&#8221;<\/li>\n<li>Redaktionsnetzwerk Deutschland, 18 June 2020: &#8220;Wirecard man\u00f6vriert sich an den Abgrund&#8221;<\/li>\n<li>Frankfurter Allgemeine Zeitung, 18 June 2020: &#8220;Wirecard-Chaos: Welche Rolle spielten die Wirtschaftspr\u00fcfer?&#8221;<\/li>\n<li>Frankfurter Rundschau, 18 June 2020: &#8220;Schrecken ohne Ende&#8221;<\/li>\n<li>Schw\u00e4bisches Tagblatt, 10 June 2020: &#8220;Banken sind vorsichtiger \u2013 Interview mit den Kirchentellinsfurter Anw\u00e4lten Andreas W. Tilp und Maximilian Weiss&#8221;<\/li>\n<li>B\u00f6rse Online, 8 June 2020: &#8220;Wirecard-Skandal: Erinnert mich an Kokain-Aff\u00e4re mit Christoph Daum&#8221;<\/li>\n<li>Der Spiegel, 13 May 2020: &#8220;Kanzlei stellt Antrag auf Musterklage gegen Wirecard&#8221;<\/li>\n<li>Wirtschaftswoche, 13 May 2020: &#8220;Erste deutsche Anlegerklage gegen Wirecard eingereicht&#8221;<\/li>\n<li>Financial Times (UK), 13 May 2020: &#8220;Wirecard hit by shareholder lawsuit over disclosures&#8221;<\/li>\n<li>Wirtschaftswoche, 7 January 2020:\u202f&#8221;Klagen wegen Dieselgate: Schadensersatzforderungen gegen Daimler steigen 2020 auf 1,8 Milliarden Euro&#8221;<\/li>\n<li>B\u00f6rse Online, 17 December 2019: &#8220;Steinhoff-Prozess: Die Parallelen zu Wirecard sind unverkennbar&#8221;<\/li>\n<li>Handelsblatt, 11 December 2019:\u202f&#8221;Kl\u00e4ger wollen einen Vergleich mit dem M\u00f6belkonzern Steinhoff erzielen&#8221;<\/li>\n<li>Frankfurter Allgemeine Zeitung vom 6 August 2019: &#8220;Steinhoff-Musterklage nimmt Form an&#8221;<\/li>\n<li>Der Aktion\u00e4r, Issue 23\/2019, p. 39:\u202f&#8221;Hoffnung nach Milliardenbetrug&#8221;<\/li>\n<li>Die Welt, 23 May 2019: &#8220;Musterverfahren gegen M\u00f6belkonzern Steinhoff in Frankfurt&#8221;<\/li>\n<li>Der Spiegel, 23 May 2019: &#8220;Fall Steinhoff wird als Sammelklage verhandelt&#8221;<\/li>\n<li>Der Aktion\u00e4r, 12 February 2019: &#8220;Steinhoff: Jetzt spricht der Kl\u00e4geranwalt&#8221;<\/li>\n<li>CNBC Africa, Power Lunch, TV broadcast, 31 October 2018, &#8220;Steinhoff class action moves up a gear, how to be part of it&#8221;<\/li>\n<li>eNCA TV (South Africa), Moneyline, TV broadcast, 28 October 2018:\u202f&#8221;International law firms join forces against Steinhoff&#8221;<\/li>\n<li>Handelsblatt, 13 August 2018: &#8220;Steinhoff droht Milliarden-Sammelklage&#8221;<\/li>\n<li>S\u00fcddeutsche Zeitung, 8 August 2018: &#8220;Anleger fordern Milliarden im Steinhoff-Skandal&#8221;<\/li>\n<li>IOL (South Africa), 22 July 2018, &#8220;Will Steinhoff shareholders get their money back?&#8221;<\/li>\n<li>Forbes Africa, Issue July 2018: &#8220;The Struggle of Steinhoff&#8221;<\/li>\n<li>Capital, 22 May 2018: &#8220;Milliardenklagen im Steinhoff-Skandal&#8221;<\/li>\n<li>CNBC Africa, Power Lunch, TV broadcast, 20 April 2018:\u202f&#8221;800 shareholders have joined class action against Steinhoff, this is how much they want&#8221;<\/li>\n<li>Fin24 (South Africa), 24 January 2018: &#8220;SA investors want to join Dutch class action against Steinhoff&#8221;<\/li>\n<li>The Money Show with Bruce Whitfield, Radio 702 (South Africa), 21 December 2017:\u202f&#8221;Steinhoff shares plummet to new low on shareholder demands to #PayBackTheMoney&#8221;<\/li>\n<li>Global Capital (UK), 20 December 2017, &#8220;Steinhoff disaster worries Schuldschein market as shareholders sue&#8221;<\/li>\n<li>Bild, 19 December 2017: &#8220;Klage gegen POCO-Mutterkonzern &#8211; Anleger wollen nach B\u00f6rsencrash ihr Geld zur\u00fcck&#8221;<\/li>\n<\/ul>\n<p>[\/uncode_list][\/vc_column_inner][\/vc_row_inner][\/vc_column][\/vc_row]<\/p>\n<\/div>","protected":false},"excerpt":{"rendered":"<p>[vc_row row_height_percent=&#8221;0&#8243; back_color=&#8221;color-lxmt&#8221; overlay_alpha=&#8221;50&#8243; equal_height=&#8221;yes&#8221; gutter_size=&#8221;3&#8243; column_width_percent=&#8221;100&#8243; shift_y=&#8221;0&#8243; z_index=&#8221;0&#8243; bottom_divider=&#8221;pyramids&#8221; inverted_device_order=&#8221;yes&#8221; uncode_shortcode_id=&#8221;439167&#8243; back_color_type=&#8221;uncode-palette&#8221;][vc_column column_width_percent=&#8221;100&#8243; position_horizontal=&#8221;left&#8221; position_vertical=&#8221;middle&#8221; gutter_size=&#8221;3&#8243; overlay_alpha=&#8221;50&#8243; shift_x=&#8221;0&#8243; shift_y=&#8221;0&#8243; [&hellip;]<\/p>\n","protected":false},"author":1,"featured_media":0,"parent":534,"menu_order":0,"comment_status":"closed","ping_status":"closed","template":"","meta":{"footnotes":""},"class_list":["post-538","page","type-page","status-publish","hentry","page_category-pr-and-media"],"yoast_head":"<!-- This site is optimized with the Yoast SEO plugin v26.8 - https:\/\/yoast.com\/product\/yoast-seo-wordpress\/ -->\n<title>Media Coverage &#8212; WEISSWERT Rechtsanwaltsgesellschaft mbH<\/title>\n<meta name=\"description\" content=\"We cooperate with journalists. Here you will find a selection of interviews and articles with WEISSWERT attorney Maximilian Weiss.\" \/>\n<meta name=\"robots\" content=\"index, follow, max-snippet:-1, max-image-preview:large, max-video-preview:-1\" \/>\n<link rel=\"canonical\" href=\"https:\/\/weisswert.de\/en\/pr-and-media\/media-coverage\/\" \/>\n<meta property=\"og:locale\" content=\"en_US\" \/>\n<meta property=\"og:type\" content=\"article\" \/>\n<meta property=\"og:title\" content=\"Media Coverage &#8212; WEISSWERT Rechtsanwaltsgesellschaft mbH\" \/>\n<meta property=\"og:description\" content=\"We cooperate with journalists. Here you will find a selection of interviews and articles with WEISSWERT attorney Maximilian Weiss.\" \/>\n<meta property=\"og:url\" content=\"https:\/\/weisswert.de\/en\/pr-and-media\/media-coverage\/\" \/>\n<meta property=\"og:site_name\" content=\"WEISSWERT Rechtsanwaltsgesellschaft mbH\" \/>\n<meta property=\"article:modified_time\" content=\"2024-10-09T20:32:52+00:00\" \/>\n<meta name=\"twitter:card\" content=\"summary_large_image\" \/>\n<meta name=\"twitter:label1\" content=\"Est. reading time\" \/>\n\t<meta name=\"twitter:data1\" content=\"5 minutes\" \/>\n<script type=\"application\/ld+json\" class=\"yoast-schema-graph\">{\"@context\":\"https:\/\/schema.org\",\"@graph\":[{\"@type\":\"WebPage\",\"@id\":\"https:\/\/weisswert.de\/en\/pr-and-media\/media-coverage\/\",\"url\":\"https:\/\/weisswert.de\/en\/pr-and-media\/media-coverage\/\",\"name\":\"Media Coverage &#8212; WEISSWERT Rechtsanwaltsgesellschaft mbH\",\"isPartOf\":{\"@id\":\"https:\/\/weisswert.de\/en\/#website\"},\"datePublished\":\"2021-12-18T07:42:15+00:00\",\"dateModified\":\"2024-10-09T20:32:52+00:00\",\"description\":\"We cooperate with journalists. Here you will find a selection of interviews and articles with WEISSWERT attorney Maximilian Weiss.\",\"breadcrumb\":{\"@id\":\"https:\/\/weisswert.de\/en\/pr-and-media\/media-coverage\/#breadcrumb\"},\"inLanguage\":\"en-US\",\"potentialAction\":[{\"@type\":\"ReadAction\",\"target\":[\"https:\/\/weisswert.de\/en\/pr-and-media\/media-coverage\/\"]}]},{\"@type\":\"BreadcrumbList\",\"@id\":\"https:\/\/weisswert.de\/en\/pr-and-media\/media-coverage\/#breadcrumb\",\"itemListElement\":[{\"@type\":\"ListItem\",\"position\":1,\"name\":\"Home\",\"item\":\"https:\/\/weisswert.de\/en\/\"},{\"@type\":\"ListItem\",\"position\":2,\"name\":\"PR And Media\",\"item\":\"https:\/\/weisswert.de\/en\/pr-and-media\/\"},{\"@type\":\"ListItem\",\"position\":3,\"name\":\"Media Coverage\"}]},{\"@type\":\"WebSite\",\"@id\":\"https:\/\/weisswert.de\/en\/#website\",\"url\":\"https:\/\/weisswert.de\/en\/\",\"name\":\"WEISSWERT Rechtsanwaltsgesellschaft mbH\",\"description\":\"Eine andere WordPress-Site.\",\"potentialAction\":[{\"@type\":\"SearchAction\",\"target\":{\"@type\":\"EntryPoint\",\"urlTemplate\":\"https:\/\/weisswert.de\/en\/?s={search_term_string}\"},\"query-input\":{\"@type\":\"PropertyValueSpecification\",\"valueRequired\":true,\"valueName\":\"search_term_string\"}}],\"inLanguage\":\"en-US\"}]}<\/script>\n<!-- \/ Yoast SEO plugin. -->","yoast_head_json":{"title":"Media Coverage &#8212; WEISSWERT Rechtsanwaltsgesellschaft mbH","description":"We cooperate with journalists. Here you will find a selection of interviews and articles with WEISSWERT attorney Maximilian Weiss.","robots":{"index":"index","follow":"follow","max-snippet":"max-snippet:-1","max-image-preview":"max-image-preview:large","max-video-preview":"max-video-preview:-1"},"canonical":"https:\/\/weisswert.de\/en\/pr-and-media\/media-coverage\/","og_locale":"en_US","og_type":"article","og_title":"Media Coverage &#8212; WEISSWERT Rechtsanwaltsgesellschaft mbH","og_description":"We cooperate with journalists. Here you will find a selection of interviews and articles with WEISSWERT attorney Maximilian Weiss.","og_url":"https:\/\/weisswert.de\/en\/pr-and-media\/media-coverage\/","og_site_name":"WEISSWERT Rechtsanwaltsgesellschaft mbH","article_modified_time":"2024-10-09T20:32:52+00:00","twitter_card":"summary_large_image","twitter_misc":{"Est. reading time":"5 minutes"},"schema":{"@context":"https:\/\/schema.org","@graph":[{"@type":"WebPage","@id":"https:\/\/weisswert.de\/en\/pr-and-media\/media-coverage\/","url":"https:\/\/weisswert.de\/en\/pr-and-media\/media-coverage\/","name":"Media Coverage &#8212; WEISSWERT Rechtsanwaltsgesellschaft mbH","isPartOf":{"@id":"https:\/\/weisswert.de\/en\/#website"},"datePublished":"2021-12-18T07:42:15+00:00","dateModified":"2024-10-09T20:32:52+00:00","description":"We cooperate with journalists. Here you will find a selection of interviews and articles with WEISSWERT attorney Maximilian Weiss.","breadcrumb":{"@id":"https:\/\/weisswert.de\/en\/pr-and-media\/media-coverage\/#breadcrumb"},"inLanguage":"en-US","potentialAction":[{"@type":"ReadAction","target":["https:\/\/weisswert.de\/en\/pr-and-media\/media-coverage\/"]}]},{"@type":"BreadcrumbList","@id":"https:\/\/weisswert.de\/en\/pr-and-media\/media-coverage\/#breadcrumb","itemListElement":[{"@type":"ListItem","position":1,"name":"Home","item":"https:\/\/weisswert.de\/en\/"},{"@type":"ListItem","position":2,"name":"PR And Media","item":"https:\/\/weisswert.de\/en\/pr-and-media\/"},{"@type":"ListItem","position":3,"name":"Media Coverage"}]},{"@type":"WebSite","@id":"https:\/\/weisswert.de\/en\/#website","url":"https:\/\/weisswert.de\/en\/","name":"WEISSWERT Rechtsanwaltsgesellschaft mbH","description":"Eine andere WordPress-Site.","potentialAction":[{"@type":"SearchAction","target":{"@type":"EntryPoint","urlTemplate":"https:\/\/weisswert.de\/en\/?s={search_term_string}"},"query-input":{"@type":"PropertyValueSpecification","valueRequired":true,"valueName":"search_term_string"}}],"inLanguage":"en-US"}]}},"_links":{"self":[{"href":"https:\/\/weisswert.de\/en\/wp-json\/wp\/v2\/pages\/538","targetHints":{"allow":["GET"]}}],"collection":[{"href":"https:\/\/weisswert.de\/en\/wp-json\/wp\/v2\/pages"}],"about":[{"href":"https:\/\/weisswert.de\/en\/wp-json\/wp\/v2\/types\/page"}],"author":[{"embeddable":true,"href":"https:\/\/weisswert.de\/en\/wp-json\/wp\/v2\/users\/1"}],"replies":[{"embeddable":true,"href":"https:\/\/weisswert.de\/en\/wp-json\/wp\/v2\/comments?post=538"}],"version-history":[{"count":6,"href":"https:\/\/weisswert.de\/en\/wp-json\/wp\/v2\/pages\/538\/revisions"}],"predecessor-version":[{"id":110099,"href":"https:\/\/weisswert.de\/en\/wp-json\/wp\/v2\/pages\/538\/revisions\/110099"}],"up":[{"embeddable":true,"href":"https:\/\/weisswert.de\/en\/wp-json\/wp\/v2\/pages\/534"}],"wp:attachment":[{"href":"https:\/\/weisswert.de\/en\/wp-json\/wp\/v2\/media?parent=538"}],"curies":[{"name":"wp","href":"https:\/\/api.w.org\/{rel}","templated":true}]}}